{"id":242,"date":"2025-10-25T09:21:49","date_gmt":"2025-10-25T07:21:49","guid":{"rendered":"https:\/\/techconf.eu\/de\/?page_id=242"},"modified":"2026-01-27T18:24:31","modified_gmt":"2026-01-27T17:24:31","slug":"datenschutzerklaerung","status":"publish","type":"page","link":"https:\/\/techconf.eu\/de\/datenschutzerklaerung\/","title":{"rendered":"Datenschutzerkl\u00e4rung"},"content":{"rendered":"\n<h2 class=\"wp-block-heading\">Wer sind wir?<\/h2>\n\n\n\n<p>Unsere Website-Adresse lautet:\u00a0<a href=\"https:\/\/techdealz.eu\/de\" target=\"_blank\" rel=\"noreferrer noopener\">https:\/\/techconf.eu\/de<\/a>.<\/p>\n\n\n\n<h2 class=\"wp-block-heading\" id=\"kommentare\">Kommentare<\/h2>\n\n\n\n<p>Wenn Besucher Kommentare auf der Website hinterlassen, sammeln wir die Daten, die im Kommentarformular angezeigt werden, sowie die IP-Adresse des Besuchers und den User-Agent-String seines Browsers, um Spam zu erkennen.<br>Aus deiner E-Mail-Adresse wird ein anonymisierter Hash erstellt, der m\u00f6glicherweise an den Gravatar-Dienst \u00fcbermittelt wird, um zu pr\u00fcfen, ob du dort ein Konto hast. Die Datenschutzerkl\u00e4rung von Gravatar findest du unter:&nbsp;<a rel=\"noreferrer noopener\" target=\"_blank\" href=\"https:\/\/automattic.com\/privacy\/\">https:\/\/automattic.com\/privacy\/<\/a>. Nach Freischaltung deines Kommentars ist dein Profilbild \u00f6ffentlich im Kontext deines Kommentars sichtbar.<a rel=\"noreferrer noopener\" target=\"_blank\" href=\"https:\/\/ecommerce-niemcy.de\/blog\/datenschutzerklarung-co-to-jest\/\"><\/a>\u200b<\/p>\n\n\n\n<h2 class=\"wp-block-heading\" id=\"medien\">Medien<\/h2>\n\n\n\n<p>Wenn du als registrierter Nutzer Bilder auf die Website hochl\u00e4dst, solltest du vermeiden, Bilder mit EXIF-GPS-Daten hochzuladen. Besucher der Website k\u00f6nnen diese Bilder herunterladen und die Standortdaten auslesen.<a rel=\"noreferrer noopener\" target=\"_blank\" href=\"https:\/\/ecommerce-niemcy.de\/blog\/datenschutzerklarung-co-to-jest\/\"><\/a>\u200b<\/p>\n\n\n\n<h2 class=\"wp-block-heading\" id=\"cookies\">Cookies<\/h2>\n\n\n\n<p>Wenn du einen Kommentar schreibst, wird die Option angeboten, Name, E-Mail-Adresse und Website in Cookies zu speichern. Diese dienen dazu, dass bei zuk\u00fcnftigen Kommentaren diese Daten bereits ausgef\u00fcllt sind. Diese Cookies verfallen nach einem Jahr.<br>Beim Besuch der Anmeldeseite wird ein tempor\u00e4res Cookie gesetzt, um zu pr\u00fcfen, ob dein Browser Cookies akzeptiert. Es enth\u00e4lt keine pers\u00f6nlichen Daten und wird gel\u00f6scht, sobald du den Browser schlie\u00dft.<br>Beim Anmelden werden zus\u00e4tzlich mehrere Cookies erstellt, um deine Login-Informationen und Bildschirmoptionen zu speichern. Login-Cookies verfallen nach zwei Tagen, Bildschirmoptionen nach einem Jahr. Wenn du \u201eAngemeldet bleiben\u201c ausw\u00e4hlst, dauert die Anmeldung zwei Wochen. Nach dem Ausloggen werden die Login-Cookies gel\u00f6scht.<br>Wenn du einen Artikel bearbeitest oder ver\u00f6ffentlichst, wird ein zus\u00e4tzliches Cookie in deinem Browser gespeichert. Dieses enth\u00e4lt keine pers\u00f6nlichen Daten, sondern nur die ID des zuletzt bearbeiteten Beitrags und verf\u00e4llt nach 1 Tag.<a rel=\"noreferrer noopener\" target=\"_blank\" href=\"https:\/\/ecommerce-niemcy.de\/blog\/datenschutzerklarung-co-to-jest\/\"><\/a>\u200b<\/p>\n\n\n\n<h2 class=\"wp-block-heading\" id=\"eingebettete-inhalte-von-anderen-websites\">Eingebettete Inhalte von anderen Websites<\/h2>\n\n\n\n<p>Die Artikel auf dieser Website k\u00f6nnen eingebettete Inhalte enthalten (z. B. Videos, Bilder, Beitr\u00e4ge). Eingebettete Inhalte von anderen Websites verhalten sich so, als ob du die Website direkt besucht h\u00e4ttest.<br>Diese Websites k\u00f6nnen Informationen \u00fcber dich sammeln, Cookies setzen, zus\u00e4tzliche Tracking-Dienste einbinden und deine Interaktionen mit dem eingebetteten Material \u00fcberwachen \u2013 einschlie\u00dflich des Trackings deiner Interaktionen, wenn du dort angemeldet bist.<a rel=\"noreferrer noopener\" target=\"_blank\" href=\"https:\/\/ecommerce-niemcy.de\/blog\/datenschutzerklarung-co-to-jest\/\"><\/a>\u200b<\/p>\n\n\n\n<h2 class=\"wp-block-heading\" id=\"mit-wem-teilen-wir-deine-daten\">Mit wem teilen wir deine Daten<\/h2>\n\n\n\n<p>Wenn du ein Passwort-Reset anfordern, wird deine IP-Adresse mit der E-Mail-Nachricht \u00fcbermittelt.<\/p>\n\n\n\n<h2 class=\"wp-block-heading\" id=\"wie-lange-speichern-wir-deine-daten\">Wie lange speichern wir deine Daten<\/h2>\n\n\n\n<p>Wenn du einen Kommentar hinterl\u00e4sst, wird der Kommentar und seine Metadaten unbegrenzt gespeichert. Dadurch k\u00f6nnen Folgekommentare automatisch erkannt und freigegeben werden, ohne erneute Moderation.<br>F\u00fcr registrierte Nutzer speichern wir die im Profil angegebenen pers\u00f6nlichen Daten. Jeder Nutzer kann jederzeit seine Daten einsehen, bearbeiten oder l\u00f6schen (au\u00dfer dem Benutzernamen). Administratoren k\u00f6nnen diese Daten ebenfalls einsehen und bearbeiten.<a rel=\"noreferrer noopener\" target=\"_blank\" href=\"https:\/\/ecommerce-niemcy.de\/blog\/datenschutzerklarung-co-to-jest\/\"><\/a>\u200b<\/p>\n\n\n\n<h2 class=\"wp-block-heading\" id=\"welche-rechte-hast-du-bezglich-deiner-daten\">Welche Rechte hast du bez\u00fcglich deiner Daten<\/h2>\n\n\n\n<p>Falls du ein Nutzerkonto hast oder Kommentare hinterlassen hast, kannst du eine exportierte Datei mit den von uns gespeicherten pers\u00f6nlichen Daten anfordern, einschlie\u00dflich aller von dir bereitgestellten Daten. Du kannst auch verlangen, dass wir alle deine personenbezogenen Daten l\u00f6schen. Dies gilt nicht f\u00fcr Daten, die wir aus administrativen, rechtlichen oder sicherheitsrelevanten Gr\u00fcnden aufbewahren m\u00fcssen.<a rel=\"noreferrer noopener\" target=\"_blank\" href=\"https:\/\/ecommerce-niemcy.de\/blog\/datenschutzerklarung-co-to-jest\/\"><\/a>\u200b<\/p>\n\n\n\n<h2 class=\"wp-block-heading\" id=\"wohin-senden-wir-deine-daten\">Wohin senden wir deine Daten<\/h2>\n\n\n\n<p>Gastkommentare k\u00f6nnen durch einen automatischen Spam-Erkennungsdienst gepr\u00fcft werden.<\/p>\n\n\n\n<h2 class=\"wp-block-heading\">Impressum<\/h2>\n\n\n\n<p>Angaben gem\u00e4\u00df \u00a7 5 TMG<br>Markus Lahmann<br>Alexanderstra\u00dfe 17<br>40210 D\u00fcsseldorf, Deutschland<\/p>\n\n\n\n<p>Kontakt<br>E-Mail: info@techconf.eu<\/p>\n\n\n\n<p>Redaktionell verantwortlich<br>Markus Lahmann<\/p>\n\n\n\n<p>Verbraucher\u00adstreit\u00adbeilegung\/Universal\u00adschlichtungs\u00adstelle<br>Wir sind nicht bereit oder verpflichtet, an Streitbeilegungsverfahren vor einer Verbraucherschlichtungsstelle teilzunehmen.<\/p>\n","protected":false},"excerpt":{"rendered":"<p>Wer sind wir? Unsere Website-Adresse lautet:\u00a0https:\/\/techconf.eu\/de. Kommentare Wenn Besucher Kommentare auf der Website hinterlassen, sammeln wir die Daten, die im Kommentarformular angezeigt werden, sowie die IP-Adresse des Besuchers und den User-Agent-String seines Browsers, um Spam zu erkennen.Aus deiner E-Mail-Adresse wird ein anonymisierter Hash erstellt, der m\u00f6glicherweise an den Gravatar-Dienst \u00fcbermittelt wird, um zu pr\u00fcfen, ob [&hellip;]<\/p>\n","protected":false},"author":1,"featured_media":0,"parent":0,"menu_order":0,"comment_status":"closed","ping_status":"closed","template":"","meta":{"footnotes":""},"class_list":["post-242","page","type-page","status-publish","hentry"],"_links":{"self":[{"href":"https:\/\/techconf.eu\/de\/wp-json\/wp\/v2\/pages\/242","targetHints":{"allow":["GET"]}}],"collection":[{"href":"https:\/\/techconf.eu\/de\/wp-json\/wp\/v2\/pages"}],"about":[{"href":"https:\/\/techconf.eu\/de\/wp-json\/wp\/v2\/types\/page"}],"author":[{"embeddable":true,"href":"https:\/\/techconf.eu\/de\/wp-json\/wp\/v2\/users\/1"}],"replies":[{"embeddable":true,"href":"https:\/\/techconf.eu\/de\/wp-json\/wp\/v2\/comments?post=242"}],"version-history":[{"count":4,"href":"https:\/\/techconf.eu\/de\/wp-json\/wp\/v2\/pages\/242\/revisions"}],"predecessor-version":[{"id":2296,"href":"https:\/\/techconf.eu\/de\/wp-json\/wp\/v2\/pages\/242\/revisions\/2296"}],"wp:attachment":[{"href":"https:\/\/techconf.eu\/de\/wp-json\/wp\/v2\/media?parent=242"}],"curies":[{"name":"wp","href":"https:\/\/api.w.org\/{rel}","templated":true}]}}